{"id":1727,"date":"2018-10-08T08:31:24","date_gmt":"2018-10-08T08:31:24","guid":{"rendered":"https:\/\/rodolflerouleau.com\/contact\/contact-pro\/"},"modified":"2021-01-28T07:46:13","modified_gmt":"2021-01-28T07:46:13","slug":"contact-pro","status":"publish","type":"page","link":"https:\/\/rodolflerouleau.com\/en\/contact\/contact-pro\/","title":{"rendered":"Professional Contact  Form"},"content":{"rendered":"\n[et_pb_section fb_built=&#8221;1&#8243; _builder_version=&#8221;3.22.3&#8243;][et_pb_row _builder_version=&#8221;3.25&#8243; background_size=&#8221;initial&#8221; background_position=&#8221;top_left&#8221; background_repeat=&#8221;repeat&#8221;][et_pb_column type=&#8221;4_4&#8243; _builder_version=&#8221;3.25&#8243; custom_padding=&#8221;|||&#8221; custom_padding__hover=&#8221;|||&#8221;][et_pb_text _builder_version=&#8221;3.25.4&#8243;]<h2>Professional contact form<\/h2>\nYou are a camping car dealer, boat seller, you build vans or tiny houses, you own a shop for kitchen accessories\u2026 Rodol\u2019f answers to your customer needs or can be the perfect present to thank them for their loyalty.\n\nIf you need more information, please leave us a message.\n[\/et_pb_text][et_pb_contact_form _builder_version=&#8221;3.25.4&#8243; form_field_font=&#8221;||||||||&#8221;][et_pb_contact_field field_id=&#8221;Name&#8221; field_title=&#8221;Name&#8221; _builder_version=&#8221;3.25.4&#8243; button_text_size__hover_enabled=&#8221;off&#8221; button_one_text_size__hover_enabled=&#8221;off&#8221; button_two_text_size__hover_enabled=&#8221;off&#8221; button_text_color__hover_enabled=&#8221;off&#8221; button_one_text_color__hover_enabled=&#8221;off&#8221; button_two_text_color__hover_enabled=&#8221;off&#8221; button_border_width__hover_enabled=&#8221;off&#8221; button_one_border_width__hover_enabled=&#8221;off&#8221; button_two_border_width__hover_enabled=&#8221;off&#8221; button_border_color__hover_enabled=&#8221;off&#8221; button_one_border_color__hover_enabled=&#8221;off&#8221; button_two_border_color__hover_enabled=&#8221;off&#8221; button_border_radius__hover_enabled=&#8221;off&#8221; button_one_border_radius__hover_enabled=&#8221;off&#8221; button_two_border_radius__hover_enabled=&#8221;off&#8221; button_letter_spacing__hover_enabled=&#8221;off&#8221; button_one_letter_spacing__hover_enabled=&#8221;off&#8221; button_two_letter_spacing__hover_enabled=&#8221;off&#8221; button_bg_color__hover_enabled=&#8221;off&#8221; button_one_bg_color__hover_enabled=&#8221;off&#8221; button_two_bg_color__hover_enabled=&#8221;off&#8221;][\/et_pb_contact_field][et_pb_contact_field field_id=&#8221;Company&#8221; field_title=&#8221;Company&#8221; _builder_version=&#8221;3.25.4&#8243; button_text_size__hover_enabled=&#8221;off&#8221; button_one_text_size__hover_enabled=&#8221;off&#8221; button_two_text_size__hover_enabled=&#8221;off&#8221; button_text_color__hover_enabled=&#8221;off&#8221; button_one_text_color__hover_enabled=&#8221;off&#8221; button_two_text_color__hover_enabled=&#8221;off&#8221; button_border_width__hover_enabled=&#8221;off&#8221; button_one_border_width__hover_enabled=&#8221;off&#8221; button_two_border_width__hover_enabled=&#8221;off&#8221; button_border_color__hover_enabled=&#8221;off&#8221; button_one_border_color__hover_enabled=&#8221;off&#8221; button_two_border_color__hover_enabled=&#8221;off&#8221; button_border_radius__hover_enabled=&#8221;off&#8221; button_one_border_radius__hover_enabled=&#8221;off&#8221; button_two_border_radius__hover_enabled=&#8221;off&#8221; button_letter_spacing__hover_enabled=&#8221;off&#8221; button_one_letter_spacing__hover_enabled=&#8221;off&#8221; button_two_letter_spacing__hover_enabled=&#8221;off&#8221; button_bg_color__hover_enabled=&#8221;off&#8221; button_one_bg_color__hover_enabled=&#8221;off&#8221; button_two_bg_color__hover_enabled=&#8221;off&#8221;][\/et_pb_contact_field][et_pb_contact_field field_id=&#8221;Email&#8221; field_title=&#8221;E-mail address&#8221; field_type=&#8221;email&#8221; _builder_version=&#8221;3.25.4&#8243; button_text_size__hover_enabled=&#8221;off&#8221; button_one_text_size__hover_enabled=&#8221;off&#8221; button_two_text_size__hover_enabled=&#8221;off&#8221; button_text_color__hover_enabled=&#8221;off&#8221; button_one_text_color__hover_enabled=&#8221;off&#8221; button_two_text_color__hover_enabled=&#8221;off&#8221; button_border_width__hover_enabled=&#8221;off&#8221; button_one_border_width__hover_enabled=&#8221;off&#8221; button_two_border_width__hover_enabled=&#8221;off&#8221; button_border_color__hover_enabled=&#8221;off&#8221; button_one_border_color__hover_enabled=&#8221;off&#8221; button_two_border_color__hover_enabled=&#8221;off&#8221; button_border_radius__hover_enabled=&#8221;off&#8221; button_one_border_radius__hover_enabled=&#8221;off&#8221; button_two_border_radius__hover_enabled=&#8221;off&#8221; button_letter_spacing__hover_enabled=&#8221;off&#8221; button_one_letter_spacing__hover_enabled=&#8221;off&#8221; button_two_letter_spacing__hover_enabled=&#8221;off&#8221; button_bg_color__hover_enabled=&#8221;off&#8221; button_one_bg_color__hover_enabled=&#8221;off&#8221; button_two_bg_color__hover_enabled=&#8221;off&#8221;][\/et_pb_contact_field][et_pb_contact_field field_id=&#8221;Message&#8221; field_title=&#8221;Message&#8221; field_type=&#8221;text&#8221; fullwidth_field=&#8221;on&#8221; _builder_version=&#8221;3.25.4&#8243; button_text_size__hover_enabled=&#8221;off&#8221; button_one_text_size__hover_enabled=&#8221;off&#8221; button_two_text_size__hover_enabled=&#8221;off&#8221; button_text_color__hover_enabled=&#8221;off&#8221; button_one_text_color__hover_enabled=&#8221;off&#8221; button_two_text_color__hover_enabled=&#8221;off&#8221; button_border_width__hover_enabled=&#8221;off&#8221; button_one_border_width__hover_enabled=&#8221;off&#8221; button_two_border_width__hover_enabled=&#8221;off&#8221; button_border_color__hover_enabled=&#8221;off&#8221; button_one_border_color__hover_enabled=&#8221;off&#8221; button_two_border_color__hover_enabled=&#8221;off&#8221; button_border_radius__hover_enabled=&#8221;off&#8221; button_one_border_radius__hover_enabled=&#8221;off&#8221; button_two_border_radius__hover_enabled=&#8221;off&#8221; button_letter_spacing__hover_enabled=&#8221;off&#8221; button_one_letter_spacing__hover_enabled=&#8221;off&#8221; button_two_letter_spacing__hover_enabled=&#8221;off&#8221; button_bg_color__hover_enabled=&#8221;off&#8221; button_one_bg_color__hover_enabled=&#8221;off&#8221; button_two_bg_color__hover_enabled=&#8221;off&#8221;][\/et_pb_contact_field][et_pb_contact_field field_id=&#8221;Field_5&#8243; field_title=&#8221;Privacy :&#8221; field_type=&#8221;checkbox&#8221; checkbox_options=&#8221;%91{%22value%22:%22I have read and I accept your privacy policy.%22,%22checked%22:0,%22dragID%22:-1}%93&#8243; _builder_version=&#8221;3.25.4&#8243; button_text_size__hover_enabled=&#8221;off&#8221; button_one_text_size__hover_enabled=&#8221;off&#8221; button_two_text_size__hover_enabled=&#8221;off&#8221; button_text_color__hover_enabled=&#8221;off&#8221; button_one_text_color__hover_enabled=&#8221;off&#8221; button_two_text_color__hover_enabled=&#8221;off&#8221; button_border_width__hover_enabled=&#8221;off&#8221; button_one_border_width__hover_enabled=&#8221;off&#8221; button_two_border_width__hover_enabled=&#8221;off&#8221; button_border_color__hover_enabled=&#8221;off&#8221; button_one_border_color__hover_enabled=&#8221;off&#8221; button_two_border_color__hover_enabled=&#8221;off&#8221; button_border_radius__hover_enabled=&#8221;off&#8221; button_one_border_radius__hover_enabled=&#8221;off&#8221; button_two_border_radius__hover_enabled=&#8221;off&#8221; button_letter_spacing__hover_enabled=&#8221;off&#8221; button_one_letter_spacing__hover_enabled=&#8221;off&#8221; button_two_letter_spacing__hover_enabled=&#8221;off&#8221; button_bg_color__hover_enabled=&#8221;off&#8221; button_one_bg_color__hover_enabled=&#8221;off&#8221; button_two_bg_color__hover_enabled=&#8221;off&#8221;][\/et_pb_contact_field][\/et_pb_contact_form][et_pb_text _builder_version=&#8221;3.25.4&#8243;]<a href=\"tel:+33610776496\"><img loading=\"lazy\" class=\"alignnone wp-image-172\" src=\"https:\/\/rodolflerouleau.com\/wp-content\/uploads\/2017\/06\/picto-tel-rodolf.png\" alt=\"picto contact t\u00e9l\u00e9phonique\" width=\"57\" height=\"57\" srcset=\"https:\/\/rodolflerouleau.com\/wp-content\/uploads\/2017\/06\/picto-tel-rodolf.png 150w, https:\/\/rodolflerouleau.com\/wp-content\/uploads\/2017\/06\/picto-tel-rodolf-100x100.png 100w\" sizes=\"(max-width: 57px) 100vw, 57px\" \/><\/a>You can also call us at  <a href=\"tel:+33610776496\">+33 (0)6 10 77 64 96<\/a>[\/et_pb_text][\/et_pb_column][\/et_pb_row][\/et_pb_section]\n","protected":false},"excerpt":{"rendered":"<p>Professional contact form You are a camping car dealer, boat seller, you build vans or tiny houses, you own a shop for kitchen accessories\u2026 Rodol\u2019f answers to your customer needs or can be the perfect present to thank them for their loyalty. If you need more information, please leave us a message. You can also [&hellip;]<\/p>\n","protected":false},"author":1,"featured_media":0,"parent":1678,"menu_order":0,"comment_status":"closed","ping_status":"closed","template":"","meta":{"_et_pb_use_builder":"on","_et_pb_old_content":"Vous \u00eates un concessionnaire de camping-cars, vous am\u00e9nagez des fourgons, vous fabriquez des Tiny-Houses, vous \u00eates accastilleurs, vous avez une boutique d'accessoires de cuisine... Rodol'f saura r\u00e9pondre aux besoins de votre client\u00e8le ou devenir le cadeau client parfait !\r\n\r\nVous souhaitez en savoir plus, n'h\u00e9sitez pas \u00e0 nous laisser un message !\r\n\r\n[contact-form-7 id=\"675\" title=\"Formulaire de contact destin\u00e9 aux professionnels\"]\r\n\r\n<a href=\"tel:+33610776496\"> Pour nous joindre par t\u00e9l\u00e9phone <\/a>\r\n<a href=\"tel:+33610776496\"><img class=\"alignnone wp-image-172\" src=\"https:\/\/rodolflerouleau.com\/wp-content\/uploads\/2017\/06\/picto-tel-rodolf.png\" alt=\"picto contact t\u00e9l\u00e9phonique\" width=\"57\" height=\"57\" \/><\/a> <a href=\"tel:+33610776496\">+33 (0)6 10 77 64 96<\/a>\r\n\r\n&nbsp;\r\n\r\n&nbsp;","_et_gb_content_width":""},"yoast_head":"<!-- This site is optimized with the Yoast SEO plugin v19.13 - https:\/\/yoast.com\/wordpress\/plugins\/seo\/ -->\n<title>Professional Contact Form - Rodol&#039;f le Rouleau<\/title>\n<meta name=\"description\" content=\"You are a camping car dealer, boat seller, you build vans or tiny houses, you own a shop for kitchen accessories\u2026\" \/>\n<meta name=\"robots\" content=\"index, follow, max-snippet:-1, max-image-preview:large, max-video-preview:-1\" \/>\n<link rel=\"canonical\" href=\"https:\/\/rodolflerouleau.com\/en\/contact\/contact-pro\/\" \/>\n<meta property=\"og:locale\" content=\"en_US\" \/>\n<meta property=\"og:type\" content=\"article\" \/>\n<meta property=\"og:title\" content=\"Professional Contact Form - Rodol&#039;f le Rouleau\" \/>\n<meta property=\"og:description\" content=\"You are a camping car dealer, boat seller, you build vans or tiny houses, you own a shop for kitchen accessories\u2026\" \/>\n<meta property=\"og:url\" content=\"https:\/\/rodolflerouleau.com\/en\/contact\/contact-pro\/\" \/>\n<meta property=\"og:site_name\" content=\"Rodol&#039;f le Rouleau\" \/>\n<meta property=\"article:publisher\" content=\"https:\/\/www.facebook.com\/RodolfLeRouleau\/\" \/>\n<meta property=\"article:modified_time\" content=\"2021-01-28T07:46:13+00:00\" \/>\n<meta property=\"og:image\" content=\"https:\/\/rodolflerouleau.com\/wp-content\/uploads\/2017\/06\/picto-tel-rodolf.png\" \/>\n<meta name=\"twitter:card\" content=\"summary_large_image\" \/>\n<meta name=\"twitter:site\" content=\"@Rodolf_Rouleau\" \/>\n<meta name=\"twitter:label1\" content=\"Est. reading time\" \/>\n\t<meta name=\"twitter:data1\" content=\"2 minutes\" \/>\n<script type=\"application\/ld+json\" class=\"yoast-schema-graph\">{\"@context\":\"https:\/\/schema.org\",\"@graph\":[{\"@type\":\"WebPage\",\"@id\":\"https:\/\/rodolflerouleau.com\/en\/contact\/contact-pro\/\",\"url\":\"https:\/\/rodolflerouleau.com\/en\/contact\/contact-pro\/\",\"name\":\"Professional Contact Form - Rodol&#039;f le Rouleau\",\"isPartOf\":{\"@id\":\"https:\/\/rodolflerouleau.com\/#website\"},\"datePublished\":\"2018-10-08T08:31:24+00:00\",\"dateModified\":\"2021-01-28T07:46:13+00:00\",\"description\":\"You are a camping car dealer, boat seller, you build vans or tiny houses, you own a shop for kitchen accessories\u2026\",\"breadcrumb\":{\"@id\":\"https:\/\/rodolflerouleau.com\/en\/contact\/contact-pro\/#breadcrumb\"},\"inLanguage\":\"en-US\",\"potentialAction\":[{\"@type\":\"ReadAction\",\"target\":[\"https:\/\/rodolflerouleau.com\/en\/contact\/contact-pro\/\"]}]},{\"@type\":\"BreadcrumbList\",\"@id\":\"https:\/\/rodolflerouleau.com\/en\/contact\/contact-pro\/#breadcrumb\",\"itemListElement\":[{\"@type\":\"ListItem\",\"position\":1,\"name\":\"Accueil\",\"item\":\"https:\/\/rodolflerouleau.com\/en\/\"},{\"@type\":\"ListItem\",\"position\":2,\"name\":\"Contact\",\"item\":\"https:\/\/rodolflerouleau.com\/en\/contact\/\"},{\"@type\":\"ListItem\",\"position\":3,\"name\":\"Professional Contact Form\"}]},{\"@type\":\"WebSite\",\"@id\":\"https:\/\/rodolflerouleau.com\/#website\",\"url\":\"https:\/\/rodolflerouleau.com\/\",\"name\":\"Rodol&#039;f le Rouleau\",\"description\":\"Le rouleau de cuisine multifonction\",\"publisher\":{\"@id\":\"https:\/\/rodolflerouleau.com\/#organization\"},\"potentialAction\":[{\"@type\":\"SearchAction\",\"target\":{\"@type\":\"EntryPoint\",\"urlTemplate\":\"https:\/\/rodolflerouleau.com\/?s={search_term_string}\"},\"query-input\":\"required name=search_term_string\"}],\"inLanguage\":\"en-US\"},{\"@type\":\"Organization\",\"@id\":\"https:\/\/rodolflerouleau.com\/#organization\",\"name\":\"Rodol'f le Rouleau\",\"url\":\"https:\/\/rodolflerouleau.com\/\",\"logo\":{\"@type\":\"ImageObject\",\"inLanguage\":\"en-US\",\"@id\":\"https:\/\/rodolflerouleau.com\/#\/schema\/logo\/image\/\",\"url\":\"https:\/\/rodolflerouleau.com\/wp-content\/uploads\/2021\/05\/new-logo.png\",\"contentUrl\":\"https:\/\/rodolflerouleau.com\/wp-content\/uploads\/2021\/05\/new-logo.png\",\"width\":359,\"height\":360,\"caption\":\"Rodol'f le Rouleau\"},\"image\":{\"@id\":\"https:\/\/rodolflerouleau.com\/#\/schema\/logo\/image\/\"},\"sameAs\":[\"https:\/\/www.instagram.com\/rodolflerouleau\/\",\"https:\/\/www.linkedin.com\/in\/anne-sophie-calloc-h-sturm\/\",\"https:\/\/www.pinterest.fr\/rodolflerouleau\/\",\"https:\/\/www.youtube.com\/channel\/UCtZdyeE39Rj6nEbn8QgAUEw\",\"https:\/\/www.facebook.com\/RodolfLeRouleau\/\",\"https:\/\/twitter.com\/Rodolf_Rouleau\"]}]}<\/script>\n<!-- \/ Yoast SEO plugin. -->","yoast_head_json":{"title":"Professional Contact Form - Rodol&#039;f le Rouleau","description":"You are a camping car dealer, boat seller, you build vans or tiny houses, you own a shop for kitchen accessories\u2026","robots":{"index":"index","follow":"follow","max-snippet":"max-snippet:-1","max-image-preview":"max-image-preview:large","max-video-preview":"max-video-preview:-1"},"canonical":"https:\/\/rodolflerouleau.com\/en\/contact\/contact-pro\/","og_locale":"en_US","og_type":"article","og_title":"Professional Contact Form - Rodol&#039;f le Rouleau","og_description":"You are a camping car dealer, boat seller, you build vans or tiny houses, you own a shop for kitchen accessories\u2026","og_url":"https:\/\/rodolflerouleau.com\/en\/contact\/contact-pro\/","og_site_name":"Rodol&#039;f le Rouleau","article_publisher":"https:\/\/www.facebook.com\/RodolfLeRouleau\/","article_modified_time":"2021-01-28T07:46:13+00:00","og_image":[{"url":"https:\/\/rodolflerouleau.com\/wp-content\/uploads\/2017\/06\/picto-tel-rodolf.png"}],"twitter_card":"summary_large_image","twitter_site":"@Rodolf_Rouleau","twitter_misc":{"Est. reading time":"2 minutes"},"schema":{"@context":"https:\/\/schema.org","@graph":[{"@type":"WebPage","@id":"https:\/\/rodolflerouleau.com\/en\/contact\/contact-pro\/","url":"https:\/\/rodolflerouleau.com\/en\/contact\/contact-pro\/","name":"Professional Contact Form - Rodol&#039;f le Rouleau","isPartOf":{"@id":"https:\/\/rodolflerouleau.com\/#website"},"datePublished":"2018-10-08T08:31:24+00:00","dateModified":"2021-01-28T07:46:13+00:00","description":"You are a camping car dealer, boat seller, you build vans or tiny houses, you own a shop for kitchen accessories\u2026","breadcrumb":{"@id":"https:\/\/rodolflerouleau.com\/en\/contact\/contact-pro\/#breadcrumb"},"inLanguage":"en-US","potentialAction":[{"@type":"ReadAction","target":["https:\/\/rodolflerouleau.com\/en\/contact\/contact-pro\/"]}]},{"@type":"BreadcrumbList","@id":"https:\/\/rodolflerouleau.com\/en\/contact\/contact-pro\/#breadcrumb","itemListElement":[{"@type":"ListItem","position":1,"name":"Accueil","item":"https:\/\/rodolflerouleau.com\/en\/"},{"@type":"ListItem","position":2,"name":"Contact","item":"https:\/\/rodolflerouleau.com\/en\/contact\/"},{"@type":"ListItem","position":3,"name":"Professional Contact Form"}]},{"@type":"WebSite","@id":"https:\/\/rodolflerouleau.com\/#website","url":"https:\/\/rodolflerouleau.com\/","name":"Rodol&#039;f le Rouleau","description":"Le rouleau de cuisine multifonction","publisher":{"@id":"https:\/\/rodolflerouleau.com\/#organization"},"potentialAction":[{"@type":"SearchAction","target":{"@type":"EntryPoint","urlTemplate":"https:\/\/rodolflerouleau.com\/?s={search_term_string}"},"query-input":"required name=search_term_string"}],"inLanguage":"en-US"},{"@type":"Organization","@id":"https:\/\/rodolflerouleau.com\/#organization","name":"Rodol'f le Rouleau","url":"https:\/\/rodolflerouleau.com\/","logo":{"@type":"ImageObject","inLanguage":"en-US","@id":"https:\/\/rodolflerouleau.com\/#\/schema\/logo\/image\/","url":"https:\/\/rodolflerouleau.com\/wp-content\/uploads\/2021\/05\/new-logo.png","contentUrl":"https:\/\/rodolflerouleau.com\/wp-content\/uploads\/2021\/05\/new-logo.png","width":359,"height":360,"caption":"Rodol'f le Rouleau"},"image":{"@id":"https:\/\/rodolflerouleau.com\/#\/schema\/logo\/image\/"},"sameAs":["https:\/\/www.instagram.com\/rodolflerouleau\/","https:\/\/www.linkedin.com\/in\/anne-sophie-calloc-h-sturm\/","https:\/\/www.pinterest.fr\/rodolflerouleau\/","https:\/\/www.youtube.com\/channel\/UCtZdyeE39Rj6nEbn8QgAUEw","https:\/\/www.facebook.com\/RodolfLeRouleau\/","https:\/\/twitter.com\/Rodolf_Rouleau"]}]}},"_links":{"self":[{"href":"https:\/\/rodolflerouleau.com\/en\/wp-json\/wp\/v2\/pages\/1727"}],"collection":[{"href":"https:\/\/rodolflerouleau.com\/en\/wp-json\/wp\/v2\/pages"}],"about":[{"href":"https:\/\/rodolflerouleau.com\/en\/wp-json\/wp\/v2\/types\/page"}],"author":[{"embeddable":true,"href":"https:\/\/rodolflerouleau.com\/en\/wp-json\/wp\/v2\/users\/1"}],"replies":[{"embeddable":true,"href":"https:\/\/rodolflerouleau.com\/en\/wp-json\/wp\/v2\/comments?post=1727"}],"version-history":[{"count":0,"href":"https:\/\/rodolflerouleau.com\/en\/wp-json\/wp\/v2\/pages\/1727\/revisions"}],"up":[{"embeddable":true,"href":"https:\/\/rodolflerouleau.com\/en\/wp-json\/wp\/v2\/pages\/1678"}],"wp:attachment":[{"href":"https:\/\/rodolflerouleau.com\/en\/wp-json\/wp\/v2\/media?parent=1727"}],"curies":[{"name":"wp","href":"https:\/\/api.w.org\/{rel}","templated":true}]}}