{"id":1725,"date":"2019-05-08T14:56:08","date_gmt":"2019-05-08T14:56:08","guid":{"rendered":"https:\/\/rodolflerouleau.com\/retour-produit\/"},"modified":"2019-07-17T13:41:08","modified_gmt":"2019-07-17T13:41:08","slug":"product-return","status":"publish","type":"page","link":"https:\/\/rodolflerouleau.com\/en\/product-return\/","title":{"rendered":"Product return"},"content":{"rendered":"[et_pb_section fb_built=&#8221;1&#8243; _builder_version=&#8221;3.22.3&#8243;][et_pb_row _builder_version=&#8221;3.25&#8243; background_size=&#8221;initial&#8221; background_position=&#8221;top_left&#8221; background_repeat=&#8221;repeat&#8221;][et_pb_column type=&#8221;4_4&#8243; _builder_version=&#8221;3.25&#8243; custom_padding=&#8221;|||&#8221; custom_padding__hover=&#8221;|||&#8221;][et_pb_text _builder_version=&#8221;3.18.7&#8243;]\n<h2>Politique de retours et droits de r\u00e9tractation<\/h2>\n<p>&nbsp;<\/p>\n<p><span><strong><br \/><\/strong><\/span><span><strong><\/strong><\/span><span><strong>R\u00e9ception de la commande et conformit\u00e9 des Produits<\/strong><\/span><\/p>\n<p>&nbsp;<\/p>\n<p><span>Au moment de la r\u00e9ception des Produits, le Client est tenu de v\u00e9rifier l&#8217;\u00e9tat de l&#8217;emballage et l\u2019int\u00e9grit\u00e9 des Produits livr\u00e9s, et d&#8217;\u00e9mettre, le cas \u00e9ch\u00e9ant, toute r\u00e9serve et r\u00e9clamation sur le bordereau de livraison du transporteur et d\u2019en informer RODOL\u2019F LE ROULEAU en lui adressant copie des r\u00e9serves faites aupr\u00e8s du transporteur par mail dans les 2 jours ouvrables suivants la date de livraison des Produits (\u00e0 <\/span><a href=\"mailto:contact@julieerlich.com.\"><span><\/span><\/a><a href=\"mailto:info@rodolflerouleau.com\">info@rodolflerouleau.com<\/a>)<a href=\"mailto:info@rodolflerouleau.com\">\u00a0<\/a>ou\u00a0en utilisant le formulaire ci-dessous.<\/p>\n<p>&nbsp;<\/p>\n<p><span><\/span><span>Le Client doit \u00e9galement formuler aupr\u00e8s de RODOL\u2019F LE ROULEAU dans un d\u00e9lai de 2 jours \u00e0 compter de la livraison, toute r\u00e9clamation d&#8217;erreur de livraison et\/ou de manquant. Toute r\u00e9clamation formul\u00e9e au-del\u00e0 de ce d\u00e9lai sera rejet\u00e9e sans possibilit\u00e9 de recours.<\/span><\/p>\n<p>&nbsp;<\/p>\n<p><span>Le Client est \u00e9galement tenu de v\u00e9rifier la conformit\u00e9 des Produits re\u00e7<\/span><span>us en ex<\/span><span>\u00e9cution de sa commande au moment de la livraison. Tout(e) non-conformit\u00e9 ou d\u00e9faut devra \u00ea<\/span><span>tre notifi<\/span><span>\u00e9(e) \u00e0 <\/span><span>RODOL<\/span><span>\u2019<\/span><span>F LE ROULEAU<\/span><span> dans les d\u00e9lais l\u00e9gaux.<\/span><\/p>\n<p>&nbsp;<\/p>\n<p><span><\/span><span>A ce titre, il est rappel\u00e9 que RODOL\u2019F LE ROULEAU est responsable des d\u00e9fauts de conformit\u00e9 du Produit dans les conditions de <\/span><span>l&#8217;article L.217-12 et suivants\u00a0<\/span><span>du code de la consommation et des d\u00e9fauts cach\u00e9s de la chose vendue dans les conditions pr\u00e9vues aux<\/span><span>\u00a0<\/span><span>articles 1641 \u00e0 1648 et 2232 \u00a0du code civil.<\/span><\/p>\n<p>&nbsp;<\/p>\n<p><span>Lorsqu\u2019il agit en garantie l\u00e9gale de conformit\u00e9, le Client\u00a0:<\/span><\/p>\n<p>&nbsp;<\/p>\n<ul>\n<li><span>b\u00e9n\u00e9ficie d&#8217;un d\u00e9lai de un an \u00e0 compter de la d\u00e9livrance du bien pour agir ;<\/span><\/li>\n<li><span>peut choisir entre la r\u00e9paration ou le remplacement du bien, sous r\u00e9serve des conditions de co\u00fbt pr\u00e9vues par\u00a0l&#8217;article L. 211-9<\/span> <span>du code de la consommation ;<\/span><\/li>\n<li><span>est dispens\u00e9 de rapporter la preuve de l&#8217;existence du d\u00e9faut de conformit\u00e9 du bien durant les vingt quatre mois <\/span><span>suivant la d\u00e9livrance du bien.<\/span><\/li>\n<li>l<span>a garantie l\u00e9gale de conformit\u00e9 s&#8217;applique ind\u00e9pendamment de la garantie commerciale \u00e9ventuellement consentie.<\/span><\/li>\n<\/ul>\n<p>&nbsp;<\/p>\n<p><span>Le Client peut d\u00e9cider de mettre en \u0153uvre la garantie contre les d\u00e9fauts cach\u00e9s de la chose vendue au sens de\u00a0l&#8217;article 1641\u00a0du code civil auquel cas, il peut choisir entre la r\u00e9solution de la vente ou une r\u00e9duction du prix de vente conform\u00e9ment \u00e0\u00a0l&#8217;article 1644\u00a0du code civil.<\/span><\/p>\n<p>&nbsp;<\/p>\n<p><span><strong>Nonobstant l\u2019application des garanties l\u00e9gales d\u00e9taill\u00e9es ci-dessus, les garanties propos\u00e9es par <\/strong><\/span><span><strong>RODOL<\/strong><\/span><span><strong>\u2019<\/strong><\/span><span><strong>F LE ROULEAU<\/strong><\/span><span><strong> pour chacun des Produits sont d\u00e9taill\u00e9es dans l\u2019<\/strong><\/span><span><strong>onglet <\/strong><\/span><span><strong>\u00ab\u00a0Garantie des Produits\u00a0\u00bb.<\/strong><\/span><\/p>\n<p>&nbsp;<\/p>\n<p><span><\/span><span><\/span><span>En cas de retour pour non-conformit\u00e9 ou vice cach\u00e9, le Client doit faire une demande au service client\u00e8le de RODOL\u2019F LE ROULEAU, par mail\u00a0\u00e0 <\/span><a href=\"mailto:contact@julieerlich.com.\"><span>info@rodolflerouleau.com<\/span><\/a><span> en faisant \u00e9tat de mani\u00e8re d\u00e9taill\u00e9e du d\u00e9faut ou de la non-conformit\u00e9 constat\u00e9(e).<\/span><\/p>\n<p>&nbsp;<\/p>\n<p><span>RODOL<\/span><span>\u2019<\/span><span>F LE ROULEAU<\/span><span> examinera la demande du Client et proc\u00e9dera, au choix du Client, \u00e0 l\u2019\u00e9change ou au remboursement du ou des Produits, des frais d\u2019envoi et de retour, si celle-ci s\u2019av\u00e8re fond\u00e9<\/span><span>e. <\/span><\/p>\n<p>&nbsp;<\/p>\n<p><span><\/span><span>Aucun retour pour non-conformit\u00e9 ou vice cach\u00e9 ne sera accept\u00e9 sans validation pr\u00e9<\/span><span>alable de <\/span><span>RODOL<\/span><span>\u2019<\/span><span>F LE ROULEAU<\/span><span>.<\/span><\/p>\n<p>&nbsp;<\/p>\n<p><span><strong>En toute hypoth\u00e8se, la garantie est exclue en cas de non-respect par le Client des \u00ab\u00a0Consignes d\u2019utilisation et d\u2019entretien des Produits\u00a0\u00bb ou pour toute utilisation anormale des Produits, ou \u00e0 d&#8217;autres fins que celles pour lesquelles ils ont \u00e9t\u00e9 <\/strong><\/span><span><strong>con<\/strong><\/span><span><strong>\u00e7<\/strong><\/span><span><strong>us.\u00a0 <\/strong><\/span><\/p>\n<p>&nbsp;<\/p>\n<p><span><strong>Droit de r\u00e9tractation<\/strong><\/span><\/p>\n<p>&nbsp;<\/p>\n<p><span><\/span><span>Conform\u00e9ment aux dispositions du code de la consommation, le Client dispose d\u2019un d\u00e9lai de quatorze (14) jours francs \u00e0 compter de la r\u00e9ception des Produits pour exercer son droit de r\u00e9tractation, sans avoir \u00e0 justifier de motifs ou payer de p\u00e9nalit\u00e9s, \u00e0 l\u2019except<\/span><span>ion des frais de retour, en remplissant le formulaire type de r\u00e9tractation disponible sur le Site <\/span><span>ou en envoyant un courriel \u00e0 l\u2019adresse \u00e9lectronique suivante\u00a0: <\/span><a href=\"mailto:contact@julieerlich.com.\"><span>info@rodolflerouleau.com<\/span><\/a><span> ou en utilisant le formulaire ci-dessous. Le Client recevra alors, sans d\u00e9<\/span><span>lai, un accus<\/span><span>\u00e9 de r\u00e9ception de sa r\u00e9tractation par courriel.<\/span><\/p>\n<p>&nbsp;<\/p>\n<p><span>Dans les quatorze (14) jours suivant la transmission du formulaire ou du courriel de r\u00e9tractation \u00e0 RODOL\u2019F LE ROULEAU, le Client doit renvoyer les Produits \u00e0 l\u2019adresse suivante\u00a0:<\/span><\/p>\n<p>&nbsp;<\/p>\n<p>SAV BJ Logistics pour Lo\u00efse en Cuisine &#8211; ZAC de Bromines &#8211;\u00a0 180 rte des Pr\u00e9s Rollier &#8211; 74330 Sillingy &#8211; France.<\/p>\n<p>&nbsp;<\/p>\n<p><strong><a href=\"https:\/\/rodolflerouleau.com\/loise-en-cuisine_formulaire-retractation-2019\/\">=&gt;\u00a0 Accompagn\u00e9 du bon de retour dument compl\u00e9t\u00e9, t\u00e9l\u00e9chargeable ici.<\/a><a href=\"https:\/\/rodolflerouleau.com\/loise-en-cuisine_formulaire-retractation-0419\/\"><\/a><\/strong><\/p>\n<p>&nbsp;<\/p>\n<p><span><\/span><span>Il appartient au Client de bien conserver la preuve de d\u00e9p\u00f4t du colis qui lui sera remise par La Poste, le tampon de La Poste faisant foi de la date de retour du Produit. Le retour \u00e9tant \u00e0 la charge du Client, en cas de perte du colis, aucun remboursement ne pourra \u00eatre effectu\u00e9.<\/span><\/p>\n<p>&nbsp;<\/p>\n<p><span><\/span><span>RODOL<\/span><span>\u2019<\/span><span>F LE ROULEAU<\/span><span> s\u2019engage \u00e0 rembourser au Client, en utilisant le m\u00eame moyen de paiement que celui utilis\u00e9 par le Client pour la transaction initiale, le prix du Produit ainsi que les frais de livraison standard, sans retard injustifi\u00e9 et au plus tard dans les quatorze (14) jours suivant la date de r\u00e9<\/span><span>cup<\/span><span>\u00e9ration des Produits. <\/span><\/p>\n<p>&nbsp;<\/p>\n<p><span><\/span><span><strong>Les frais de retour et les risques sont \u00e0 la charge du client. <\/strong><\/span><\/p>\n<p>&nbsp;<\/p>\n<p><span>Le droit de r\u00e9tractation ne pourra \u00ea<\/span><span>tre exerc<\/span><span>\u00e9 que pour les Produits retourn\u00e9s complets en parfait \u00e9tat, propres, dans leur emballage. <strong>Les produits retourn\u00e9s incomplets, ab\u00eem\u00e9s, salis, endommag\u00e9s ou impropres \u00e0 la commercialisation, pour quelque raison que ce soit, ne seront pas repris. <\/strong><\/span><\/p>\n<p>&nbsp;<\/p>\n<p>L<span>e Client engage sa responsabilit\u00e9 \u00e0 l\u2019\u00e9gard de la d\u00e9pr\u00e9ciation du Produit r\u00e9sultant de manipulations autres que celles n\u00e9cessaires pour \u00e9tablir sa nature, ses caract\u00e9ristiques et son bon fonctionnement.<\/span><\/p>\n<p>&nbsp;<\/p>\n<p><span>Afin de nous signifier votre demande de retour de produit, vous pouvez utiliser le formulaire suivant :<\/span><\/p>\n[\/et_pb_text][et_pb_contact_form title=&#8221;Formulaire de demande de retour produit&#8221; success_message=&#8221;Votre demande a bien \u00e9t\u00e9 envoy\u00e9e&#8221; submit_button_text=&#8221;Valider ma demande&#8221; admin_label=&#8221;Formulaire retour produit&#8221; _builder_version=&#8221;3.18.7&#8243;][et_pb_contact_field field_id=&#8221;Name&#8221; field_title=&#8221;Nom&#8221; _builder_version=&#8221;3.18.7&#8243; button_text_size__hover_enabled=&#8221;off&#8221; button_one_text_size__hover_enabled=&#8221;off&#8221; button_two_text_size__hover_enabled=&#8221;off&#8221; button_text_color__hover_enabled=&#8221;off&#8221; button_one_text_color__hover_enabled=&#8221;off&#8221; button_two_text_color__hover_enabled=&#8221;off&#8221; button_border_width__hover_enabled=&#8221;off&#8221; button_one_border_width__hover_enabled=&#8221;off&#8221; button_two_border_width__hover_enabled=&#8221;off&#8221; button_border_color__hover_enabled=&#8221;off&#8221; button_one_border_color__hover_enabled=&#8221;off&#8221; button_two_border_color__hover_enabled=&#8221;off&#8221; button_border_radius__hover_enabled=&#8221;off&#8221; button_one_border_radius__hover_enabled=&#8221;off&#8221; button_two_border_radius__hover_enabled=&#8221;off&#8221; button_letter_spacing__hover_enabled=&#8221;off&#8221; button_one_letter_spacing__hover_enabled=&#8221;off&#8221; button_two_letter_spacing__hover_enabled=&#8221;off&#8221; button_bg_color__hover_enabled=&#8221;off&#8221; button_one_bg_color__hover_enabled=&#8221;off&#8221; button_two_bg_color__hover_enabled=&#8221;off&#8221;][\/et_pb_contact_field][et_pb_contact_field field_id=&#8221;Email&#8221; field_title=&#8221;Adresse e-mail&#8221; field_type=&#8221;email&#8221; _builder_version=&#8221;3.16&#8243; button_text_size__hover_enabled=&#8221;off&#8221; button_one_text_size__hover_enabled=&#8221;off&#8221; button_two_text_size__hover_enabled=&#8221;off&#8221; button_text_color__hover_enabled=&#8221;off&#8221; button_one_text_color__hover_enabled=&#8221;off&#8221; button_two_text_color__hover_enabled=&#8221;off&#8221; button_border_width__hover_enabled=&#8221;off&#8221; button_one_border_width__hover_enabled=&#8221;off&#8221; button_two_border_width__hover_enabled=&#8221;off&#8221; button_border_color__hover_enabled=&#8221;off&#8221; button_one_border_color__hover_enabled=&#8221;off&#8221; button_two_border_color__hover_enabled=&#8221;off&#8221; button_border_radius__hover_enabled=&#8221;off&#8221; button_one_border_radius__hover_enabled=&#8221;off&#8221; button_two_border_radius__hover_enabled=&#8221;off&#8221; button_letter_spacing__hover_enabled=&#8221;off&#8221; button_one_letter_spacing__hover_enabled=&#8221;off&#8221; button_two_letter_spacing__hover_enabled=&#8221;off&#8221; button_bg_color__hover_enabled=&#8221;off&#8221; button_one_bg_color__hover_enabled=&#8221;off&#8221; button_two_bg_color__hover_enabled=&#8221;off&#8221;][\/et_pb_contact_field][et_pb_contact_field field_id=&#8221;Message&#8221; field_title=&#8221;Message&#8221; field_type=&#8221;text&#8221; fullwidth_field=&#8221;on&#8221; _builder_version=&#8221;3.16&#8243; button_text_size__hover_enabled=&#8221;off&#8221; button_one_text_size__hover_enabled=&#8221;off&#8221; button_two_text_size__hover_enabled=&#8221;off&#8221; button_text_color__hover_enabled=&#8221;off&#8221; button_one_text_color__hover_enabled=&#8221;off&#8221; button_two_text_color__hover_enabled=&#8221;off&#8221; button_border_width__hover_enabled=&#8221;off&#8221; button_one_border_width__hover_enabled=&#8221;off&#8221; button_two_border_width__hover_enabled=&#8221;off&#8221; button_border_color__hover_enabled=&#8221;off&#8221; button_one_border_color__hover_enabled=&#8221;off&#8221; button_two_border_color__hover_enabled=&#8221;off&#8221; button_border_radius__hover_enabled=&#8221;off&#8221; button_one_border_radius__hover_enabled=&#8221;off&#8221; button_two_border_radius__hover_enabled=&#8221;off&#8221; button_letter_spacing__hover_enabled=&#8221;off&#8221; button_one_letter_spacing__hover_enabled=&#8221;off&#8221; button_two_letter_spacing__hover_enabled=&#8221;off&#8221; button_bg_color__hover_enabled=&#8221;off&#8221; button_one_bg_color__hover_enabled=&#8221;off&#8221; button_two_bg_color__hover_enabled=&#8221;off&#8221;][\/et_pb_contact_field][et_pb_contact_field field_id=&#8221;Tel&#8221; field_title=&#8221;T\u00e9l\u00e9phone&#8221; _builder_version=&#8221;3.18.7&#8243;][\/et_pb_contact_field][et_pb_contact_field field_id=&#8221;Commande&#8221; field_title=&#8221;Num\u00e9ro de commande&#8221; max_length=&#8221;45&#8243; _builder_version=&#8221;3.18.7&#8243;][\/et_pb_contact_field][et_pb_contact_field field_id=&#8221;RGPD&#8221; field_title=&#8221;Confidentialit\u00e9&#8221; field_type=&#8221;checkbox&#8221; checkbox_options=&#8221;%91{%22value%22:%22J&#8217;ai lu et j&#8217;accepte votre politique de confidentialit\u00e9%22,%22checked%22:0,%22dragID%22:-1,%22link_url%22:%22https:\/\/rodolflerouleau.com\/politique-confidentialite\/%22,%22link_text%22:%22Politique de confidentialit\u00e9%22}%93&#8243; fullwidth_field=&#8221;on&#8221; _builder_version=&#8221;3.18.7&#8243;][\/et_pb_contact_field][\/et_pb_contact_form][et_pb_text _builder_version=&#8221;3.2.2&#8243;]<a href=\"tel:+33610776496\"><img loading=\"lazy\" class=\"alignnone wp-image-172\" src=\"https:\/\/rodolflerouleau.com\/wp-content\/uploads\/2017\/06\/picto-tel-rodolf.png\" alt=\"picto contact t\u00e9l\u00e9phonique\" width=\"57\" height=\"57\" srcset=\"https:\/\/rodolflerouleau.com\/wp-content\/uploads\/2017\/06\/picto-tel-rodolf.png 150w, https:\/\/rodolflerouleau.com\/wp-content\/uploads\/2017\/06\/picto-tel-rodolf-100x100.png 100w\" sizes=\"(max-width: 57px) 100vw, 57px\" \/><\/a>\u00a0 Vous pouvez \u00e9galement nous joindre par t\u00e9l\u00e9phone au\u00a0 <a href=\"tel:+33610776496\">+33 (0)6 10 77 64 96<\/a><\/p>\n<p>&nbsp;<br \/>\n[\/et_pb_text][\/et_pb_column][\/et_pb_row][\/et_pb_section]\n","protected":false},"excerpt":{"rendered":"<p>Politique de retours et droits de r\u00e9tractation &nbsp; R\u00e9ception de la commande et conformit\u00e9 des Produits &nbsp; Au moment de la r\u00e9ception des Produits, le Client est tenu de v\u00e9rifier l&#8217;\u00e9tat de l&#8217;emballage et l\u2019int\u00e9grit\u00e9 des Produits livr\u00e9s, et d&#8217;\u00e9mettre, le cas \u00e9ch\u00e9ant, toute r\u00e9serve et r\u00e9clamation sur le bordereau de livraison du transporteur et [&hellip;]<\/p>\n","protected":false},"author":1,"featured_media":0,"parent":0,"menu_order":0,"comment_status":"closed","ping_status":"closed","template":"","meta":{"_et_pb_use_builder":"on","_et_pb_old_content":"Vous \u00eates l'heureux possesseur d'un camping-car, d'un van, d'une tiny-house, d'un bateau ou simplement amoureux de beaux ustensiles... Rodol'f saura trouver sa place dans votre cuisine ! N'h\u00e9sitez pas \u00e0 nous laisser un message !\r\n\r\n[contact-form-7 id=\"52\" title=\"Formulaire de contact Rodol'f\"]\r\n\r\n<a href=\"tel:+33610776496\"> Pour nous joindre par t\u00e9l\u00e9phone <\/a>\r\n<a href=\"tel:+33610776496\"><img class=\"alignnone wp-image-172\" src=\"https:\/\/rodolflerouleau.com\/wp-content\/uploads\/2017\/06\/picto-tel-rodolf.png\" alt=\"picto contact t\u00e9l\u00e9phonique\" width=\"57\" height=\"57\" \/><\/a> <a href=\"tel:+33610776496\">+33 (0)6 10 77 64 96<\/a>\r\n\r\n\u00a0\r\n\r\n\u00a0","_et_gb_content_width":""},"yoast_head":"<!-- This site is optimized with the Yoast SEO plugin v19.13 - https:\/\/yoast.com\/wordpress\/plugins\/seo\/ -->\n<title>Product return - Rodol&#039;f le Rouleau<\/title>\n<meta name=\"robots\" content=\"noindex, nofollow\" \/>\n<meta property=\"og:locale\" content=\"en_US\" \/>\n<meta property=\"og:type\" content=\"article\" \/>\n<meta property=\"og:title\" content=\"Product return - Rodol&#039;f le Rouleau\" \/>\n<meta property=\"og:description\" content=\"Politique de retours et droits de r\u00e9tractation &nbsp; R\u00e9ception de la commande et conformit\u00e9 des Produits &nbsp; Au moment de la r\u00e9ception des Produits, le Client est tenu de v\u00e9rifier l&#039;\u00e9tat de l&#039;emballage et l\u2019int\u00e9grit\u00e9 des Produits livr\u00e9s, et d&#039;\u00e9mettre, le cas \u00e9ch\u00e9ant, toute r\u00e9serve et r\u00e9clamation sur le bordereau de livraison du transporteur et [&hellip;]\" \/>\n<meta property=\"og:url\" content=\"https:\/\/rodolflerouleau.com\/en\/product-return\/\" \/>\n<meta property=\"og:site_name\" content=\"Rodol&#039;f le Rouleau\" \/>\n<meta property=\"article:publisher\" content=\"https:\/\/www.facebook.com\/RodolfLeRouleau\/\" \/>\n<meta property=\"article:modified_time\" content=\"2019-07-17T13:41:08+00:00\" \/>\n<meta property=\"og:image\" content=\"https:\/\/rodolflerouleau.com\/wp-content\/uploads\/2017\/06\/picto-tel-rodolf.png\" \/>\n<meta name=\"twitter:card\" content=\"summary_large_image\" \/>\n<meta name=\"twitter:site\" content=\"@Rodolf_Rouleau\" \/>\n<meta name=\"twitter:label1\" content=\"Est. reading time\" \/>\n\t<meta name=\"twitter:data1\" content=\"8 minutes\" \/>\n<script type=\"application\/ld+json\" class=\"yoast-schema-graph\">{\"@context\":\"https:\/\/schema.org\",\"@graph\":[{\"@type\":\"WebPage\",\"@id\":\"https:\/\/rodolflerouleau.com\/en\/product-return\/\",\"url\":\"https:\/\/rodolflerouleau.com\/en\/product-return\/\",\"name\":\"Product return - Rodol&#039;f le Rouleau\",\"isPartOf\":{\"@id\":\"https:\/\/rodolflerouleau.com\/#website\"},\"datePublished\":\"2019-05-08T14:56:08+00:00\",\"dateModified\":\"2019-07-17T13:41:08+00:00\",\"breadcrumb\":{\"@id\":\"https:\/\/rodolflerouleau.com\/en\/product-return\/#breadcrumb\"},\"inLanguage\":\"en-US\",\"potentialAction\":[{\"@type\":\"ReadAction\",\"target\":[\"https:\/\/rodolflerouleau.com\/en\/product-return\/\"]}]},{\"@type\":\"BreadcrumbList\",\"@id\":\"https:\/\/rodolflerouleau.com\/en\/product-return\/#breadcrumb\",\"itemListElement\":[{\"@type\":\"ListItem\",\"position\":1,\"name\":\"Accueil\",\"item\":\"https:\/\/rodolflerouleau.com\/en\/\"},{\"@type\":\"ListItem\",\"position\":2,\"name\":\"Product return\"}]},{\"@type\":\"WebSite\",\"@id\":\"https:\/\/rodolflerouleau.com\/#website\",\"url\":\"https:\/\/rodolflerouleau.com\/\",\"name\":\"Rodol&#039;f le Rouleau\",\"description\":\"Le rouleau de cuisine multifonction\",\"publisher\":{\"@id\":\"https:\/\/rodolflerouleau.com\/#organization\"},\"potentialAction\":[{\"@type\":\"SearchAction\",\"target\":{\"@type\":\"EntryPoint\",\"urlTemplate\":\"https:\/\/rodolflerouleau.com\/?s={search_term_string}\"},\"query-input\":\"required name=search_term_string\"}],\"inLanguage\":\"en-US\"},{\"@type\":\"Organization\",\"@id\":\"https:\/\/rodolflerouleau.com\/#organization\",\"name\":\"Rodol'f le Rouleau\",\"url\":\"https:\/\/rodolflerouleau.com\/\",\"logo\":{\"@type\":\"ImageObject\",\"inLanguage\":\"en-US\",\"@id\":\"https:\/\/rodolflerouleau.com\/#\/schema\/logo\/image\/\",\"url\":\"https:\/\/rodolflerouleau.com\/wp-content\/uploads\/2021\/05\/new-logo.png\",\"contentUrl\":\"https:\/\/rodolflerouleau.com\/wp-content\/uploads\/2021\/05\/new-logo.png\",\"width\":359,\"height\":360,\"caption\":\"Rodol'f le Rouleau\"},\"image\":{\"@id\":\"https:\/\/rodolflerouleau.com\/#\/schema\/logo\/image\/\"},\"sameAs\":[\"https:\/\/www.instagram.com\/rodolflerouleau\/\",\"https:\/\/www.linkedin.com\/in\/anne-sophie-calloc-h-sturm\/\",\"https:\/\/www.pinterest.fr\/rodolflerouleau\/\",\"https:\/\/www.youtube.com\/channel\/UCtZdyeE39Rj6nEbn8QgAUEw\",\"https:\/\/www.facebook.com\/RodolfLeRouleau\/\",\"https:\/\/twitter.com\/Rodolf_Rouleau\"]}]}<\/script>\n<!-- \/ Yoast SEO plugin. -->","yoast_head_json":{"title":"Product return - Rodol&#039;f le Rouleau","robots":{"index":"noindex","follow":"nofollow"},"og_locale":"en_US","og_type":"article","og_title":"Product return - Rodol&#039;f le Rouleau","og_description":"Politique de retours et droits de r\u00e9tractation &nbsp; R\u00e9ception de la commande et conformit\u00e9 des Produits &nbsp; Au moment de la r\u00e9ception des Produits, le Client est tenu de v\u00e9rifier l'\u00e9tat de l'emballage et l\u2019int\u00e9grit\u00e9 des Produits livr\u00e9s, et d'\u00e9mettre, le cas \u00e9ch\u00e9ant, toute r\u00e9serve et r\u00e9clamation sur le bordereau de livraison du transporteur et [&hellip;]","og_url":"https:\/\/rodolflerouleau.com\/en\/product-return\/","og_site_name":"Rodol&#039;f le Rouleau","article_publisher":"https:\/\/www.facebook.com\/RodolfLeRouleau\/","article_modified_time":"2019-07-17T13:41:08+00:00","og_image":[{"url":"https:\/\/rodolflerouleau.com\/wp-content\/uploads\/2017\/06\/picto-tel-rodolf.png"}],"twitter_card":"summary_large_image","twitter_site":"@Rodolf_Rouleau","twitter_misc":{"Est. reading time":"8 minutes"},"schema":{"@context":"https:\/\/schema.org","@graph":[{"@type":"WebPage","@id":"https:\/\/rodolflerouleau.com\/en\/product-return\/","url":"https:\/\/rodolflerouleau.com\/en\/product-return\/","name":"Product return - Rodol&#039;f le Rouleau","isPartOf":{"@id":"https:\/\/rodolflerouleau.com\/#website"},"datePublished":"2019-05-08T14:56:08+00:00","dateModified":"2019-07-17T13:41:08+00:00","breadcrumb":{"@id":"https:\/\/rodolflerouleau.com\/en\/product-return\/#breadcrumb"},"inLanguage":"en-US","potentialAction":[{"@type":"ReadAction","target":["https:\/\/rodolflerouleau.com\/en\/product-return\/"]}]},{"@type":"BreadcrumbList","@id":"https:\/\/rodolflerouleau.com\/en\/product-return\/#breadcrumb","itemListElement":[{"@type":"ListItem","position":1,"name":"Accueil","item":"https:\/\/rodolflerouleau.com\/en\/"},{"@type":"ListItem","position":2,"name":"Product return"}]},{"@type":"WebSite","@id":"https:\/\/rodolflerouleau.com\/#website","url":"https:\/\/rodolflerouleau.com\/","name":"Rodol&#039;f le Rouleau","description":"Le rouleau de cuisine multifonction","publisher":{"@id":"https:\/\/rodolflerouleau.com\/#organization"},"potentialAction":[{"@type":"SearchAction","target":{"@type":"EntryPoint","urlTemplate":"https:\/\/rodolflerouleau.com\/?s={search_term_string}"},"query-input":"required name=search_term_string"}],"inLanguage":"en-US"},{"@type":"Organization","@id":"https:\/\/rodolflerouleau.com\/#organization","name":"Rodol'f le Rouleau","url":"https:\/\/rodolflerouleau.com\/","logo":{"@type":"ImageObject","inLanguage":"en-US","@id":"https:\/\/rodolflerouleau.com\/#\/schema\/logo\/image\/","url":"https:\/\/rodolflerouleau.com\/wp-content\/uploads\/2021\/05\/new-logo.png","contentUrl":"https:\/\/rodolflerouleau.com\/wp-content\/uploads\/2021\/05\/new-logo.png","width":359,"height":360,"caption":"Rodol'f le Rouleau"},"image":{"@id":"https:\/\/rodolflerouleau.com\/#\/schema\/logo\/image\/"},"sameAs":["https:\/\/www.instagram.com\/rodolflerouleau\/","https:\/\/www.linkedin.com\/in\/anne-sophie-calloc-h-sturm\/","https:\/\/www.pinterest.fr\/rodolflerouleau\/","https:\/\/www.youtube.com\/channel\/UCtZdyeE39Rj6nEbn8QgAUEw","https:\/\/www.facebook.com\/RodolfLeRouleau\/","https:\/\/twitter.com\/Rodolf_Rouleau"]}]}},"_links":{"self":[{"href":"https:\/\/rodolflerouleau.com\/en\/wp-json\/wp\/v2\/pages\/1725"}],"collection":[{"href":"https:\/\/rodolflerouleau.com\/en\/wp-json\/wp\/v2\/pages"}],"about":[{"href":"https:\/\/rodolflerouleau.com\/en\/wp-json\/wp\/v2\/types\/page"}],"author":[{"embeddable":true,"href":"https:\/\/rodolflerouleau.com\/en\/wp-json\/wp\/v2\/users\/1"}],"replies":[{"embeddable":true,"href":"https:\/\/rodolflerouleau.com\/en\/wp-json\/wp\/v2\/comments?post=1725"}],"version-history":[{"count":0,"href":"https:\/\/rodolflerouleau.com\/en\/wp-json\/wp\/v2\/pages\/1725\/revisions"}],"wp:attachment":[{"href":"https:\/\/rodolflerouleau.com\/en\/wp-json\/wp\/v2\/media?parent=1725"}],"curies":[{"name":"wp","href":"https:\/\/api.w.org\/{rel}","templated":true}]}}