{"id":1704,"date":"2018-04-28T16:29:23","date_gmt":"2018-04-28T16:29:23","guid":{"rendered":"https:\/\/rodolflerouleau.com\/campagne-ulule\/"},"modified":"2021-02-26T14:22:21","modified_gmt":"2021-02-26T14:22:21","slug":"ulule","status":"publish","type":"page","link":"https:\/\/rodolflerouleau.com\/en\/ulule\/","title":{"rendered":"A successfull crowdfunding campain"},"content":{"rendered":"<h1><div class=\"su-heading su-heading-style-default su-heading-align-center\" id=\"\" style=\"font-size:14px;margin-bottom:20px\"><div class=\"su-heading-inner\">Une campagne de financement participatif , mais pourquoi ?<\/div><\/div><\/h1>\n<p>Nous avons cr\u00e9\u00e9, innov\u00e9, r\u00e9pondu \u00e0 un besoin crucial d&#8217;espace dans les cuisines si souvent exigu\u00ebs&#8230;<\/p>\n<h2><img loading=\"lazy\" class=\"alignright wp-image-1705\" src=\"https:\/\/rodolflerouleau.com\/wp-content\/uploads\/2018\/07\/page-ulule-fin-campagne-8-juin-2018-300x173.png\" alt=\"fin campagne de financement rodolf sur ulule\" width=\"458\" height=\"264\" \/><\/h2>\n<p>Pour cela, nous avons r\u00e9alis\u00e9 de nombreux\u00a0prototypes. Nous\u00a0sommes tr\u00e8s\u00a0satisfaits de notre dernier design, d&#8217;ailleurs Rodol&#8217;f a s\u00e9duit les membres du jury du\u00a0concours L\u00e9pine, nous avons gagn\u00e9 la m\u00e9daille d&#8217;or ainsi que la mention BHV Marais !<\/p>\n<p>Mais pour lancer la production, il nous fallait un petit coup de pouce, financier, nous avons donc lancer une campagne de financement participatif sur Ulule.<\/p>\n<p>Cette campagne de crowdfunding a \u00e9t\u00e9 un v\u00e9ritable succ\u00e8s, quelques chiffres pour en attester :<\/p>\n<ul>\n<li>322 contributeurs s\u00e9duits par Rodol&#8217;f<\/li>\n<li>Objectif atteint \u00e0 273% soit 27 347 \u20ac r\u00e9colt\u00e9s<\/li>\n<li><span class=\"text_exposed_show\">361 Rodol&#8217;f vendus<\/span><\/li>\n<li>9\u00e8me campagne la + financ\u00e9e sur Ulule (cat\u00e9gorie cuisine)<\/li>\n<li>17\u00e8me campagne dans la cat\u00e9gorie entreprenariat f\u00e9minin<\/li>\n<li><span class=\"text_exposed_show\">Les journalistes sont s\u00e9duits par Rodol&#8217;f\u00a0 : <\/span>\n<ul>\n<li><span class=\"text_exposed_show\">29 articles de presse<\/span><\/li>\n<li><span class=\"text_exposed_show\">2 parutions Radio<\/span><\/li>\n<li><span class=\"text_exposed_show\">2 plateaux TV<\/span><\/li>\n<\/ul>\n<\/li>\n<li><span class=\"text_exposed_show\">Et surtout beaucoup de retours tr\u00e8s encourageants\u00a0 !<br \/>\n<\/span><\/li>\n<\/ul>\n<p><strong>De quoi nous encourager \u00e0 continuer l&#8217;aventure et un beau coup de pouce pour lancer la production !\u00a0<\/strong><\/p>\n<h4>Si vous aussi vous souhaitez disposer en avant-premi\u00e8re de votre Rodol&#8217;f \u2935<\/h4>\n<div class=\"su-button-center\"><a href=\"https:\/\/rodolflerouleau.com\/boutique\/rodolf-le-rouleau\/\" class=\"su-button su-button-style-default su-button-wide\" style=\"color:#ffffff;background-color:#8390a7;border-color:#697486;border-radius:6px\" target=\"_blank\" rel=\"noopener noreferrer\" title=\"Pr\u00e9-commander votre Rodol&#039;f\"><span style=\"color:#ffffff;padding:6px 18px;font-size:14px;line-height:21px;border-color:#a9b2c2;border-radius:6px;text-shadow:none\"><i class=\"sui sui-cart-arrow-down\" style=\"font-size:14px;color:#FFFFFF\"><\/i> Pr\u00e9-commander votre Rodol&#8217;f <small style=\"padding-bottom:6px;color:#ffffff\">Profitez du tarif Early Adopter !<\/small><\/span><\/a><\/div>\n<div class=\"su-spacer\" style=\"height:20px\"><\/div>\n<h4>Vos avis sont importants, ils nous donnent la force d&#8217;aller au bout du projet&#8230;<\/h4>\n[wprevpro_usetemplate tid=&#8217;2&#8242;]\n","protected":false},"excerpt":{"rendered":"<p>Nous avons cr\u00e9\u00e9, innov\u00e9, r\u00e9pondu \u00e0 un besoin crucial d&#8217;espace dans les cuisines si souvent exigu\u00ebs&#8230; Pour cela, nous avons r\u00e9alis\u00e9 de nombreux\u00a0prototypes. Nous\u00a0sommes tr\u00e8s\u00a0satisfaits de notre dernier design, d&#8217;ailleurs Rodol&#8217;f a s\u00e9duit les membres du jury du\u00a0concours L\u00e9pine, nous avons gagn\u00e9 la m\u00e9daille d&#8217;or ainsi que la mention BHV Marais ! Mais pour lancer [&hellip;]<\/p>\n","protected":false},"author":1,"featured_media":1706,"parent":0,"menu_order":0,"comment_status":"closed","ping_status":"closed","template":"","meta":{"_et_pb_use_builder":"off","_et_pb_old_content":"<h2>[su_heading size=\"14\"]Une campagne de financement participatif , mais pourquoi ?[\/su_heading]<\/h2>\r\nNous avons cr\u00e9\u00e9, innov\u00e9, r\u00e9pondu \u00e0 un besoin crucial d'espace dans les cuisines si souvent exigu\u00ebs...\r\n<h2><img class=\"alignright wp-image-1705\" src=\"https:\/\/rodolflerouleau.com\/wp-content\/uploads\/2018\/07\/page-ulule-fin-campagne-8-juin-2018-300x173.png\" alt=\"fin campagne de financement rodolf sur ulule\" width=\"458\" height=\"264\" \/><\/h2>\r\nPour cela, nous avons r\u00e9alis\u00e9 de nombreux\u00a0prototypes. Nous\u00a0sommes tr\u00e8s\u00a0satisfaits de notre dernier design, d'ailleurs Rodol'f a s\u00e9duit les membres du jury du\u00a0concours L\u00e9pine, nous avons gagn\u00e9 la m\u00e9daille d'or ainsi que la mention BHV Marais !\r\n\r\nMais pour lancer la production, il nous fallait un petit coup de pouce, financier, nous avons donc lancer une campagne de financement participatif sur Ulule.\r\n\r\nCette campagne de crowdfunding a \u00e9t\u00e9 un v\u00e9ritable succ\u00e8s, quelques chiffres pour en attester :\r\n<ul>\r\n \t<li>322 contributeurs s\u00e9duits par Rodol'f<\/li>\r\n \t<li>Objectif atteint \u00e0 273% soit 27 347 \u20ac r\u00e9colt\u00e9s<\/li>\r\n \t<li><span class=\"text_exposed_show\">361 Rodol'f vendus<\/span><\/li>\r\n \t<li>9\u00e8me campagne la + financ\u00e9e sur Ulule (cat\u00e9gorie cuisine)<\/li>\r\n \t<li>17\u00e8me campagne dans la cat\u00e9gorie entreprenariat f\u00e9minin<\/li>\r\n \t<li><span class=\"text_exposed_show\">Les journalistes sont s\u00e9duits par Rodol'f\u00a0 : <\/span>\r\n<ul>\r\n \t<li><span class=\"text_exposed_show\">29 articles de presse<\/span><\/li>\r\n \t<li><span class=\"text_exposed_show\">2 parutions Radio<\/span><\/li>\r\n \t<li><span class=\"text_exposed_show\">2 plateaux TV<\/span><\/li>\r\n<\/ul>\r\n<\/li>\r\n \t<li><span class=\"text_exposed_show\">Et surtout beaucoup de retours tr\u00e8s encourageants\u00a0 !\r\n<\/span><\/li>\r\n<\/ul>\r\n<strong>De quoi nous encourager \u00e0 continuer l'aventure et un beau coup de pouce pour lancer la production !\u00a0<\/strong>\r\n<h4>Si vous aussi vous souhaitez disposer en avant-premi\u00e8re de votre Rodol'f \u2935<\/h4>\r\n[su_button url=\"https:\/\/rodolflerouleau.com\/boutique\/rodolf-le-rouleau\/\" target=\"blank\" background=\"#8390a7\" color=\"#ffffff\" size=\"4\" wide=\"yes\" center=\"yes\" icon=\"icon: cart-arrow-down\" desc=\"Profitez du tarif Early Adopter !\" title=\"Pr\u00e9-commander votre Rodol'f\"]Pr\u00e9-commander votre Rodol'f [\/su_button]\r\n\r\n[su_spacer]\r\n<h4>Vos avis sont importants, ils nous donnent la force d'aller au bout du projet...<\/h4>\r\n[wprevpro_usetemplate tid='2']","_et_gb_content_width":""},"yoast_head":"<!-- This site is optimized with the Yoast SEO plugin v19.13 - https:\/\/yoast.com\/wordpress\/plugins\/seo\/ -->\n<title>A successful crowdfunding campaign for Rodol&#039;f le Rouleau<\/title>\n<meta name=\"description\" content=\"The success of this crowdfunding campaign allowed us to launch the production of our Kitchen Roll.\" \/>\n<meta name=\"robots\" content=\"index, follow, max-snippet:-1, max-image-preview:large, max-video-preview:-1\" \/>\n<link rel=\"canonical\" href=\"https:\/\/rodolflerouleau.com\/en\/ulule\/\" \/>\n<meta property=\"og:locale\" content=\"en_US\" \/>\n<meta property=\"og:type\" content=\"article\" \/>\n<meta property=\"og:title\" content=\"A successful crowdfunding campaign for Rodol&#039;f le Rouleau\" \/>\n<meta property=\"og:description\" content=\"The success of this crowdfunding campaign allowed us to launch the production of our Kitchen Roll.\" \/>\n<meta property=\"og:url\" content=\"https:\/\/rodolflerouleau.com\/en\/ulule\/\" \/>\n<meta property=\"og:site_name\" content=\"Rodol&#039;f le Rouleau\" \/>\n<meta property=\"article:publisher\" content=\"https:\/\/www.facebook.com\/RodolfLeRouleau\/\" \/>\n<meta property=\"article:modified_time\" content=\"2021-02-26T14:22:21+00:00\" \/>\n<meta property=\"og:image\" content=\"https:\/\/rodolflerouleau.com\/wp-content\/uploads\/2018\/07\/Rodolf-au-mur-ou-suspendu-e1541756605375.jpg\" \/>\n\t<meta property=\"og:image:width\" content=\"510\" \/>\n\t<meta property=\"og:image:height\" content=\"382\" \/>\n\t<meta property=\"og:image:type\" content=\"image\/jpeg\" \/>\n<meta name=\"twitter:card\" content=\"summary_large_image\" \/>\n<meta name=\"twitter:site\" content=\"@Rodolf_Rouleau\" \/>\n<meta name=\"twitter:label1\" content=\"Est. reading time\" \/>\n\t<meta name=\"twitter:data1\" content=\"2 minutes\" \/>\n<script type=\"application\/ld+json\" class=\"yoast-schema-graph\">{\"@context\":\"https:\/\/schema.org\",\"@graph\":[{\"@type\":\"WebPage\",\"@id\":\"https:\/\/rodolflerouleau.com\/en\/ulule\/\",\"url\":\"https:\/\/rodolflerouleau.com\/en\/ulule\/\",\"name\":\"A successful crowdfunding campaign for Rodol'f le Rouleau\",\"isPartOf\":{\"@id\":\"https:\/\/rodolflerouleau.com\/#website\"},\"datePublished\":\"2018-04-28T16:29:23+00:00\",\"dateModified\":\"2021-02-26T14:22:21+00:00\",\"description\":\"The success of this crowdfunding campaign allowed us to launch the production of our Kitchen Roll.\",\"breadcrumb\":{\"@id\":\"https:\/\/rodolflerouleau.com\/en\/ulule\/#breadcrumb\"},\"inLanguage\":\"en-US\",\"potentialAction\":[{\"@type\":\"ReadAction\",\"target\":[\"https:\/\/rodolflerouleau.com\/en\/ulule\/\"]}]},{\"@type\":\"BreadcrumbList\",\"@id\":\"https:\/\/rodolflerouleau.com\/en\/ulule\/#breadcrumb\",\"itemListElement\":[{\"@type\":\"ListItem\",\"position\":1,\"name\":\"Accueil\",\"item\":\"https:\/\/rodolflerouleau.com\/en\/\"},{\"@type\":\"ListItem\",\"position\":2,\"name\":\"A successfull crowdfunding campain\"}]},{\"@type\":\"WebSite\",\"@id\":\"https:\/\/rodolflerouleau.com\/#website\",\"url\":\"https:\/\/rodolflerouleau.com\/\",\"name\":\"Rodol&#039;f le Rouleau\",\"description\":\"Le rouleau de cuisine multifonction\",\"publisher\":{\"@id\":\"https:\/\/rodolflerouleau.com\/#organization\"},\"potentialAction\":[{\"@type\":\"SearchAction\",\"target\":{\"@type\":\"EntryPoint\",\"urlTemplate\":\"https:\/\/rodolflerouleau.com\/?s={search_term_string}\"},\"query-input\":\"required name=search_term_string\"}],\"inLanguage\":\"en-US\"},{\"@type\":\"Organization\",\"@id\":\"https:\/\/rodolflerouleau.com\/#organization\",\"name\":\"Rodol'f le Rouleau\",\"url\":\"https:\/\/rodolflerouleau.com\/\",\"logo\":{\"@type\":\"ImageObject\",\"inLanguage\":\"en-US\",\"@id\":\"https:\/\/rodolflerouleau.com\/#\/schema\/logo\/image\/\",\"url\":\"https:\/\/rodolflerouleau.com\/wp-content\/uploads\/2021\/05\/new-logo.png\",\"contentUrl\":\"https:\/\/rodolflerouleau.com\/wp-content\/uploads\/2021\/05\/new-logo.png\",\"width\":359,\"height\":360,\"caption\":\"Rodol'f le Rouleau\"},\"image\":{\"@id\":\"https:\/\/rodolflerouleau.com\/#\/schema\/logo\/image\/\"},\"sameAs\":[\"https:\/\/www.instagram.com\/rodolflerouleau\/\",\"https:\/\/www.linkedin.com\/in\/anne-sophie-calloc-h-sturm\/\",\"https:\/\/www.pinterest.fr\/rodolflerouleau\/\",\"https:\/\/www.youtube.com\/channel\/UCtZdyeE39Rj6nEbn8QgAUEw\",\"https:\/\/www.facebook.com\/RodolfLeRouleau\/\",\"https:\/\/twitter.com\/Rodolf_Rouleau\"]}]}<\/script>\n<!-- \/ Yoast SEO plugin. -->","yoast_head_json":{"title":"A successful crowdfunding campaign for Rodol'f le Rouleau","description":"The success of this crowdfunding campaign allowed us to launch the production of our Kitchen Roll.","robots":{"index":"index","follow":"follow","max-snippet":"max-snippet:-1","max-image-preview":"max-image-preview:large","max-video-preview":"max-video-preview:-1"},"canonical":"https:\/\/rodolflerouleau.com\/en\/ulule\/","og_locale":"en_US","og_type":"article","og_title":"A successful crowdfunding campaign for Rodol'f le Rouleau","og_description":"The success of this crowdfunding campaign allowed us to launch the production of our Kitchen Roll.","og_url":"https:\/\/rodolflerouleau.com\/en\/ulule\/","og_site_name":"Rodol&#039;f le Rouleau","article_publisher":"https:\/\/www.facebook.com\/RodolfLeRouleau\/","article_modified_time":"2021-02-26T14:22:21+00:00","og_image":[{"width":510,"height":382,"url":"https:\/\/rodolflerouleau.com\/wp-content\/uploads\/2018\/07\/Rodolf-au-mur-ou-suspendu-e1541756605375.jpg","type":"image\/jpeg"}],"twitter_card":"summary_large_image","twitter_site":"@Rodolf_Rouleau","twitter_misc":{"Est. reading time":"2 minutes"},"schema":{"@context":"https:\/\/schema.org","@graph":[{"@type":"WebPage","@id":"https:\/\/rodolflerouleau.com\/en\/ulule\/","url":"https:\/\/rodolflerouleau.com\/en\/ulule\/","name":"A successful crowdfunding campaign for Rodol'f le Rouleau","isPartOf":{"@id":"https:\/\/rodolflerouleau.com\/#website"},"datePublished":"2018-04-28T16:29:23+00:00","dateModified":"2021-02-26T14:22:21+00:00","description":"The success of this crowdfunding campaign allowed us to launch the production of our Kitchen Roll.","breadcrumb":{"@id":"https:\/\/rodolflerouleau.com\/en\/ulule\/#breadcrumb"},"inLanguage":"en-US","potentialAction":[{"@type":"ReadAction","target":["https:\/\/rodolflerouleau.com\/en\/ulule\/"]}]},{"@type":"BreadcrumbList","@id":"https:\/\/rodolflerouleau.com\/en\/ulule\/#breadcrumb","itemListElement":[{"@type":"ListItem","position":1,"name":"Accueil","item":"https:\/\/rodolflerouleau.com\/en\/"},{"@type":"ListItem","position":2,"name":"A successfull crowdfunding campain"}]},{"@type":"WebSite","@id":"https:\/\/rodolflerouleau.com\/#website","url":"https:\/\/rodolflerouleau.com\/","name":"Rodol&#039;f le Rouleau","description":"Le rouleau de cuisine multifonction","publisher":{"@id":"https:\/\/rodolflerouleau.com\/#organization"},"potentialAction":[{"@type":"SearchAction","target":{"@type":"EntryPoint","urlTemplate":"https:\/\/rodolflerouleau.com\/?s={search_term_string}"},"query-input":"required name=search_term_string"}],"inLanguage":"en-US"},{"@type":"Organization","@id":"https:\/\/rodolflerouleau.com\/#organization","name":"Rodol'f le Rouleau","url":"https:\/\/rodolflerouleau.com\/","logo":{"@type":"ImageObject","inLanguage":"en-US","@id":"https:\/\/rodolflerouleau.com\/#\/schema\/logo\/image\/","url":"https:\/\/rodolflerouleau.com\/wp-content\/uploads\/2021\/05\/new-logo.png","contentUrl":"https:\/\/rodolflerouleau.com\/wp-content\/uploads\/2021\/05\/new-logo.png","width":359,"height":360,"caption":"Rodol'f le Rouleau"},"image":{"@id":"https:\/\/rodolflerouleau.com\/#\/schema\/logo\/image\/"},"sameAs":["https:\/\/www.instagram.com\/rodolflerouleau\/","https:\/\/www.linkedin.com\/in\/anne-sophie-calloc-h-sturm\/","https:\/\/www.pinterest.fr\/rodolflerouleau\/","https:\/\/www.youtube.com\/channel\/UCtZdyeE39Rj6nEbn8QgAUEw","https:\/\/www.facebook.com\/RodolfLeRouleau\/","https:\/\/twitter.com\/Rodolf_Rouleau"]}]}},"_links":{"self":[{"href":"https:\/\/rodolflerouleau.com\/en\/wp-json\/wp\/v2\/pages\/1704"}],"collection":[{"href":"https:\/\/rodolflerouleau.com\/en\/wp-json\/wp\/v2\/pages"}],"about":[{"href":"https:\/\/rodolflerouleau.com\/en\/wp-json\/wp\/v2\/types\/page"}],"author":[{"embeddable":true,"href":"https:\/\/rodolflerouleau.com\/en\/wp-json\/wp\/v2\/users\/1"}],"replies":[{"embeddable":true,"href":"https:\/\/rodolflerouleau.com\/en\/wp-json\/wp\/v2\/comments?post=1704"}],"version-history":[{"count":0,"href":"https:\/\/rodolflerouleau.com\/en\/wp-json\/wp\/v2\/pages\/1704\/revisions"}],"wp:featuredmedia":[{"embeddable":true,"href":"https:\/\/rodolflerouleau.com\/en\/wp-json\/wp\/v2\/media\/1706"}],"wp:attachment":[{"href":"https:\/\/rodolflerouleau.com\/en\/wp-json\/wp\/v2\/media?parent=1704"}],"curies":[{"name":"wp","href":"https:\/\/api.w.org\/{rel}","templated":true}]}}